{"id":70,"date":"2017-08-14T11:38:21","date_gmt":"2017-08-14T09:38:21","guid":{"rendered":"http:\/\/193.196.175.152\/wp2\/?page_id=70"},"modified":"2017-09-04T11:16:28","modified_gmt":"2017-09-04T09:16:28","slug":"ueber-uns","status":"publish","type":"page","link":"https:\/\/www.hahnemannia.de\/index.php\/ueber-uns\/","title":{"rendered":"\u00dcber uns"},"content":{"rendered":"<div id=\"pl-70\"  class=\"panel-layout\" ><div id=\"pg-70-0\"  class=\"panel-grid panel-no-style\" ><div id=\"pgc-70-0-0\"  class=\"panel-grid-cell\" ><div id=\"panel-70-0-0-0\" class=\"so-panel widget widget_sow-headline panel-first-child\" data-index=\"0\" ><div class=\"so-widget-sow-headline so-widget-sow-headline-default-19635d833745-70\"><div class=\"sow-headline-container \">\n\t\t\t\t\t\t<div class=\"decoration\">\n\t\t\t\t\t\t<div class=\"decoration-inside\"><\/div>\n\t\t\t\t\t<\/div>\n\t\t\t\t\t<h3 class='sow-sub-headline'>\u00dcber die HAHNMANNIA<\/h3><\/div><\/div><\/div><div id=\"panel-70-0-0-1\" class=\"so-panel widget widget_sow-editor\" data-index=\"1\" ><div class=\"so-widget-sow-editor so-widget-sow-editor-base\">\n<div class=\"siteorigin-widget-tinymce textwidget\">\n\t<p><span style=\"font-family: helvetica, arial, sans-serif;\">Die Hahnemannia ist der Dachverband der hom\u00f6opathischen Laienvereine und wurde am 24.02.1868 in Stuttgart gegr\u00fcndet.<\/span><\/p>\n<p><span style=\"font-family: helvetica, arial, sans-serif;\">Die hom\u00f6opathische Laienbewegung sorgte f\u00fcr eine stetige Verbreitung des hom\u00f6opathischen Heilverfahrens nach Dr. Samuel Hahnemann. So entstanden zwischen 1870 und 1933 insgesamt 444 Vereine, mit den Schwerpunkten in W\u00fcrttemberg und Sachsen. W\u00e4hrend und nach dem zweitem Weltkrieg l\u00f6sten sich die meisten Vereine auf. Die ersten Neu- und Wiedergr\u00fcndungen fanden in den 50er Jahren statt. Der Hahnemannia sind neben zahlreichen Einzelmitgliedern, die \u00fcber das ganze Bundesgebiet verstreut sind, weitere 40 Vereine angeschlossen.<\/span><\/p>\n<p><span style=\"font-family: helvetica, arial, sans-serif;\">Der Dachverband sieht seine heutigen Aufgaben in der F\u00f6rderung:<\/span><\/p>\n<ul type=\"square\">\n<li><span style=\"font-family: helvetica, arial, sans-serif;\">von Vereinsgr\u00fcndungen durch finanzielle und ideelle Unterst\u00fctzung<\/span><\/li>\n<li><span style=\"font-family: helvetica, arial, sans-serif;\">von Mitgliederschulungen durch Kurse und Seminare in den Vereinen<\/span><\/li>\n<li><span style=\"font-family: helvetica, arial, sans-serif;\">der offiziellen Anerkennung der Hom\u00f6opathie als gleichberechtigte Form der Medizin<\/span><\/li>\n<li><span style=\"font-family: helvetica, arial, sans-serif;\">der Einrichtung von Lehrst\u00fchlen an den Universit\u00e4ten<\/span><\/li>\n<li><span style=\"font-family: helvetica, arial, sans-serif;\">Unterst\u00fctzung der Hom\u00f6opathie -Forschung<\/span><\/li>\n<li><span style=\"font-family: helvetica, arial, sans-serif;\">der Therapiefreiheit<\/span><\/li>\n<\/ul>\n<\/div>\n<\/div><\/div><div id=\"panel-70-0-0-2\" class=\"so-panel widget widget_sow-features\" data-index=\"2\" ><div class=\"so-widget-sow-features so-widget-sow-features-default-aa4863167f3d-70\">\n<div class=\"sow-features-list sow-features-responsive\">\n\n\t\t\t\n\t\t\t<div class=\"sow-features-feature sow-icon-container-position-top sow-features-feature-last-row\" style=\"width: 25%\">\n\n\t\t\t\t\t\t\t\t<div\n\t\t\t\t\tclass=\"sow-icon-container sow-container-round\"\n                    style=\"color: #015108; \"\n\t\t\t\t\t>\n\t\t\t\t\t<span class=\"sow-icon-typicons\" data-sow-icon=\"&#xe099;\"\n\t\tstyle=\"font-size: 50px; color: #ffffff\" ><\/span>\t\t\t\t<\/div>\n\t\t\t\t\n\t\t\t\t<div class=\"textwidget\">\n\t\t\t\t\t\t\t\t\t\t\t<h5>\n\t\t\t\t\t\t\t\t\t\t\t\t\t\tnat\u00fcrlich.\t\t\t\t\t\t\t\t\t\t\t\t\t<\/h5>\n\t\t\t\t\t\n\t\t\t\t\t\n\t\t\t\t\t\t\t\t\t<\/div>\n\t\t\t<\/div>\n\n\t\t\n\t\t\t<div class=\"sow-features-feature sow-icon-container-position-top sow-features-feature-last-row\" style=\"width: 25%\">\n\n\t\t\t\t\t\t\t\t<div\n\t\t\t\t\tclass=\"sow-icon-container sow-container-round\"\n                    style=\"color: #015108; \"\n\t\t\t\t\t>\n\t\t\t\t\t<span class=\"sow-icon-typicons\" data-sow-icon=\"&#xe087;\"\n\t\tstyle=\"font-size: 50px; color: #ffffff\" ><\/span>\t\t\t\t<\/div>\n\t\t\t\t\n\t\t\t\t<div class=\"textwidget\">\n\t\t\t\t\t\t\t\t\t\t\t<h5>\n\t\t\t\t\t\t\t\t\t\t\t\t\t\tgesund.\t\t\t\t\t\t\t\t\t\t\t\t\t<\/h5>\n\t\t\t\t\t\n\t\t\t\t\t\n\t\t\t\t\t\t\t\t\t<\/div>\n\t\t\t<\/div>\n\n\t\t\n\t\t\t<div class=\"sow-features-feature sow-icon-container-position-top sow-features-feature-last-row\" style=\"width: 25%\">\n\n\t\t\t\t\t\t\t\t<div\n\t\t\t\t\tclass=\"sow-icon-container sow-container-round\"\n                    style=\"color: #015108; \"\n\t\t\t\t\t>\n\t\t\t\t\t<span class=\"sow-icon-typicons\" data-sow-icon=\"&#xe13b;\"\n\t\tstyle=\"font-size: 50px; color: #ffffff\" ><\/span>\t\t\t\t<\/div>\n\t\t\t\t\n\t\t\t\t<div class=\"textwidget\">\n\t\t\t\t\t\t\t\t\t\t\t<h5>\n\t\t\t\t\t\t\t\t\t\t\t\t\t\tsanft.\t\t\t\t\t\t\t\t\t\t\t\t\t<\/h5>\n\t\t\t\t\t\n\t\t\t\t\t\n\t\t\t\t\t\t\t\t\t<\/div>\n\t\t\t<\/div>\n\n\t\t\n\t\t\t<div class=\"sow-features-feature sow-icon-container-position-top sow-features-feature-last-row\" style=\"width: 25%\">\n\n\t\t\t\t\t\t\t\t<div\n\t\t\t\t\tclass=\"sow-icon-container sow-container-round\"\n                    style=\"color: #015108; \"\n\t\t\t\t\t>\n\t\t\t\t\t<span class=\"sow-icon-typicons\" data-sow-icon=\"&#xe11d;\"\n\t\tstyle=\"font-size: 50px; color: #ffffff\" ><\/span>\t\t\t\t<\/div>\n\t\t\t\t\n\t\t\t\t<div class=\"textwidget\">\n\t\t\t\t\t\t\t\t\t\t\t<h5>\n\t\t\t\t\t\t\t\t\t\t\t\t\t\twirksam.\t\t\t\t\t\t\t\t\t\t\t\t\t<\/h5>\n\t\t\t\t\t\n\t\t\t\t\t\n\t\t\t\t\t\t\t\t\t<\/div>\n\t\t\t<\/div>\n\n\t\t\t\n<\/div>\n<\/div><\/div><div id=\"panel-70-0-0-3\" class=\"so-panel widget widget_sow-editor panel-last-child\" data-index=\"3\" ><div class=\"so-widget-sow-editor so-widget-sow-editor-base\">\n<div class=\"siteorigin-widget-tinymce textwidget\">\n\t<p><span style=\"font-family: helvetica, arial, sans-serif;\">Die hom\u00f6opathischen Vereine haben es sich zur Aufgabe gemacht, die Bev\u00f6lkerung f\u00fcr eine vern\u00fcnftige Lebensweise und eine nat\u00fcrliche, weitgehend unsch\u00e4dliche, von Nebenwirkungen freie Heilbehandlung zu gewinnen. Dadurch wollen wir die Eigenverantwortung f\u00f6rdern, den ern\u00e4hrungsbedingten Zivilisationskrankheiten entgegenwirken und die Kostenexplosion im Gesundheitswesen reduzieren helfen.<\/span><\/p>\n<p><span style=\"font-family: helvetica, arial, sans-serif;\">Die Hom\u00f6opathie erfreut sich bei der Bev\u00f6lkerung zunehmender Beliebtheit. Immer mehr B\u00fcrger w\u00fcnschen eine schonende, umfassende Heilbehandlung. Leider wird dieser Wunsch von der offiziellen Medizin nicht erf\u00fcllt, obgleich eine wachsende Zahl von Schulmedizinern als Alternative zu chemischen Arzneien das breite Spektrum der nat\u00fcrlichen Heilweisen anerkennt.<\/span><\/p>\n<p><span style=\"font-family: helvetica, arial, sans-serif;\">Die Gesundheit ist kein Zufall, sie muss gepflegt und von jedem einzelnen neu gewonnen werden. In unseren Vereinen wird das notwendige Wissen zur Erhaltung der Gesundheit vermittelt. Es werden regelm\u00e4\u00dfige Veranstaltungen zu folgenden Themen angeboten:<\/span><\/p>\n<ul type=\"square\">\n<li><span style=\"font-family: helvetica, arial, sans-serif;\">Hom\u00f6opathie und Naturheilkunde<\/span><\/li>\n<li><span style=\"font-family: helvetica, arial, sans-serif;\">Gesunde Ern\u00e4hrung<\/span><\/li>\n<li><span style=\"font-family: helvetica, arial, sans-serif;\">Naturgem\u00e4\u00dfe Lebensweise,<\/span><\/li>\n<li><span style=\"font-family: helvetica, arial, sans-serif;\">Vorbeugende Ma\u00dfnahmen zur St\u00e4rkung der k\u00f6rpereigenen Abwehrkr\u00e4fte<\/span><\/li>\n<li><span style=\"font-family: helvetica, arial, sans-serif;\">Gesundheitspolitik<\/span><\/li>\n<\/ul>\n<\/div>\n<\/div><\/div><\/div><\/div><\/div>","protected":false},"excerpt":{"rendered":"<p>Die Hahnemannia ist der Dachverband der hom\u00f6opathischen Laienvereine und wurde am 24.02.1868 in Stuttgart gegr\u00fcndet. Die hom\u00f6opathische Laienbewegung sorgte f\u00fcr eine stetige Verbreitung des hom\u00f6opathischen Heilverfahrens nach Dr. Samuel Hahnemann. So entstanden zwischen 1870 und 1933 insgesamt 444 Vereine, mit<\/p>\n","protected":false},"author":1,"featured_media":0,"parent":0,"menu_order":0,"comment_status":"closed","ping_status":"closed","template":"","meta":{"ngg_post_thumbnail":0,"footnotes":""},"class_list":["post-70","page","type-page","status-publish","hentry"],"_links":{"self":[{"href":"https:\/\/www.hahnemannia.de\/index.php\/wp-json\/wp\/v2\/pages\/70","targetHints":{"allow":["GET"]}}],"collection":[{"href":"https:\/\/www.hahnemannia.de\/index.php\/wp-json\/wp\/v2\/pages"}],"about":[{"href":"https:\/\/www.hahnemannia.de\/index.php\/wp-json\/wp\/v2\/types\/page"}],"author":[{"embeddable":true,"href":"https:\/\/www.hahnemannia.de\/index.php\/wp-json\/wp\/v2\/users\/1"}],"replies":[{"embeddable":true,"href":"https:\/\/www.hahnemannia.de\/index.php\/wp-json\/wp\/v2\/comments?post=70"}],"version-history":[{"count":30,"href":"https:\/\/www.hahnemannia.de\/index.php\/wp-json\/wp\/v2\/pages\/70\/revisions"}],"predecessor-version":[{"id":1216,"href":"https:\/\/www.hahnemannia.de\/index.php\/wp-json\/wp\/v2\/pages\/70\/revisions\/1216"}],"wp:attachment":[{"href":"https:\/\/www.hahnemannia.de\/index.php\/wp-json\/wp\/v2\/media?parent=70"}],"curies":[{"name":"wp","href":"https:\/\/api.w.org\/{rel}","templated":true}]}}