{"id":258,"date":"2017-08-15T10:54:20","date_gmt":"2017-08-15T08:54:20","guid":{"rendered":"http:\/\/193.196.175.152\/wp2\/?page_id=258"},"modified":"2022-11-15T06:11:33","modified_gmt":"2022-11-15T05:11:33","slug":"linksdownloads","status":"publish","type":"page","link":"https:\/\/www.hahnemannia.de\/index.php\/linksdownloads\/","title":{"rendered":"Links\/Downloads"},"content":{"rendered":"<div id=\"pl-258\"  class=\"panel-layout\" ><div id=\"pg-258-0\"  class=\"panel-grid panel-no-style\" ><div id=\"pgc-258-0-0\"  class=\"panel-grid-cell\" ><div id=\"panel-258-0-0-0\" class=\"so-panel widget widget_sow-headline panel-first-child\" data-index=\"0\" ><div class=\"so-widget-sow-headline so-widget-sow-headline-default-0639b49f802f-258\"><div class=\"sow-headline-container \">\n\t\t\t\t\t\t<div class=\"decoration\">\n\t\t\t\t\t\t<div class=\"decoration-inside\"><\/div>\n\t\t\t\t\t<\/div>\n\t\t\t\t\t<h3 class='sow-sub-headline'>Informationen und Links<\/h3><\/div><\/div><\/div><div id=\"panel-258-0-0-1\" class=\"so-panel widget widget_sow-editor\" data-index=\"1\" ><div class=\"so-widget-sow-editor so-widget-sow-editor-base\">\n<div class=\"siteorigin-widget-tinymce textwidget\">\n\t<p><strong><span style=\"font-family: helvetica,arial,sans-serif; font-size: 20px;\">Therapeutenfinder: <\/span><\/strong><\/p>\n<p><span style=\"color: #339966;\"><a style=\"color: #339966;\" href=\"https:\/\/www.homoeopathie-online.info\/arztsuche\/\">https:\/\/www.homoeopathie-online.info\/arztsuche\/<\/a><\/span><\/p>\n<p><span style=\"color: #339966;\"><a style=\"color: #339966;\" href=\"https:\/\/www.vkhd.de\/patienten\/therapeutensuche-menu\">https:\/\/www.vkhd.de\/patienten\/therapeutensuche-menu<\/a><\/span><\/p>\n<p><a href=\"https:\/\/www.homoeopathie-zertifikat.de\/index.php\/patienten\"><span style=\"color: #339966;\">Patienten - SHZ - Stiftung Hom\u00f6opathie Zertifikat (homoeopathie-zertifikat.de)<\/span><\/a><\/p>\n<\/div>\n<\/div><\/div><div id=\"panel-258-0-0-2\" class=\"so-panel widget widget_sow-editor panel-last-child\" data-index=\"2\" ><div class=\"so-widget-sow-editor so-widget-sow-editor-base\">\n<div class=\"siteorigin-widget-tinymce textwidget\">\n\t<p>Patienten werden zu wenig geh\u00f6rt<\/p>\n<p><a href=\"https:\/\/www.youtube.com\/watch?v=XVFc9BoZPBg&amp;list=PL0Wt9MIfCRouVomABvAXhq0oPiHa5v1B_\">https:\/\/www.youtube.com\/watch?v=XVFc9BoZPBg&amp;list=PL0Wt9MIfCRouVomABvAXhq0oPiHa5v1B_<\/a><\/p>\n<p>\u00a0<\/p>\n<p>Patientenvereine setzen sich ein!<\/p>\n<p><a href=\"https:\/\/www.youtube.com\/watch?v=yIK-XyxGVvY&amp;list=PL0Wt9MIfCRouVomABvAXhq0oPiHa5v1B_&amp;index=2\">https:\/\/www.youtube.com\/watch?v=yIK-XyxGVvY&amp;list=PL0Wt9MIfCRouVomABvAXhq0oPiHa5v1B_&amp;index=2<\/a><\/p>\n<p>\u00a0<\/p>\n<p>Hom\u00f6opathie in der Schweiz!<\/p>\n<p><a href=\"https:\/\/www.youtube.com\/watch?v=QdYzXojG7bE&amp;index=3&amp;list=PL0Wt9MIfCRouVomABvAXhq0oPiHa5v1B_\">https:\/\/www.youtube.com\/watch?v=QdYzXojG7bE&amp;index=3&amp;list=PL0Wt9MIfCRouVomABvAXhq0oPiHa5v1B_<\/a><\/p>\n<p>\u00a0<\/p>\n<p>Medizin der Zukunft!<\/p>\n<p><a href=\"https:\/\/www.youtube.com\/watch?v=zSfviQ3smaE&amp;index=4&amp;list=PL0Wt9MIfCRouVomABvAXhq0oPiHa5v1B_\">https:\/\/www.youtube.com\/watch?v=zSfviQ3smaE&amp;index=4&amp;list=PL0Wt9MIfCRouVomABvAXhq0oPiHa5v1B_<\/a><\/p>\n<p>\u00a0<\/p>\n<p>Hom\u00f6opathie und Apothekenpflicht!<\/p>\n<p><a href=\"https:\/\/www.youtube.com\/watch?v=yATciHM90h4&amp;list=PL0Wt9MIfCRouVomABvAXhq0oPiHa5v1B_&amp;index=5\">https:\/\/www.youtube.com\/watch?v=yATciHM90h4&amp;list=PL0Wt9MIfCRouVomABvAXhq0oPiHa5v1B_&amp;index=5<\/a><\/p>\n<p>\u00a0<\/p>\n<p>Fight for your rights!<\/p>\n<p><a href=\"https:\/\/www.youtube.com\/watch?v=O_GJq9CCBow&amp;index=6&amp;list=PL0Wt9MIfCRouVomABvAXhq0oPiHa5v1B_\">https:\/\/www.youtube.com\/watch?v=O_GJq9CCBow&amp;index=6&amp;list=PL0Wt9MIfCRouVomABvAXhq0oPiHa5v1B_<\/a><\/p>\n<p>\u00a0<\/p>\n<p>Homoeopathy in Spain!<\/p>\n<p><a href=\"https:\/\/www.youtube.com\/watch?v=M7BvjXCkWhs&amp;index=7&amp;list=PL0Wt9MIfCRouVomABvAXhq0oPiHa5v1B_\">https:\/\/www.youtube.com\/watch?v=M7BvjXCkWhs&amp;index=7&amp;list=PL0Wt9MIfCRouVomABvAXhq0oPiHa5v1B_<\/a><\/p>\n<\/div>\n<\/div><\/div><\/div><\/div><div id=\"pg-258-1\"  class=\"panel-grid panel-no-style\" ><div id=\"pgc-258-1-0\"  class=\"panel-grid-cell\" ><div id=\"panel-258-1-0-0\" class=\"so-panel widget widget_media_image panel-first-child\" data-index=\"3\" ><h3 class=\"widget-title\">Unabh\u00e4ngige Patientenf\u00fcrsprecherin<\/h3><a href=\"https:\/\/www.patientenfuersprecher-homoeopathie.de\/\"><img loading=\"lazy\" decoding=\"async\" width=\"274\" height=\"300\" src=\"https:\/\/www.hahnemannia.de\/wp-content\/uploads\/2022\/11\/jos-jonker-12-21-274x300.jpeg\" class=\"image wp-image-2878  attachment-medium size-medium\" alt=\"\" style=\"max-width: 100%; height: auto;\" srcset=\"https:\/\/www.hahnemannia.de\/wp-content\/uploads\/2022\/11\/jos-jonker-12-21-274x300.jpeg 274w, https:\/\/www.hahnemannia.de\/wp-content\/uploads\/2022\/11\/jos-jonker-12-21-936x1024.jpeg 936w, https:\/\/www.hahnemannia.de\/wp-content\/uploads\/2022\/11\/jos-jonker-12-21-768x841.jpeg 768w, https:\/\/www.hahnemannia.de\/wp-content\/uploads\/2022\/11\/jos-jonker-12-21.jpeg 1100w\" sizes=\"auto, (max-width: 274px) 100vw, 274px\" \/><\/a><\/div><div id=\"panel-258-1-0-1\" class=\"so-panel widget widget_sow-editor\" data-index=\"4\" ><div class=\"so-widget-sow-editor so-widget-sow-editor-base\">\n<div class=\"siteorigin-widget-tinymce textwidget\">\n\t<p style=\"font-weight: 400;\">Anl\u00e4sslich des Welttags der Patientensicherheit am 17.09.2022 haben folgende Einrichtungen Frau Jos\u00e9 Jonker als gemeinschaftliche <strong>Patientenf\u00fcrsprecherin<\/strong> in Ulm vorgestellt:<\/p>\n<ul>\n<li>SHZ (Stiftung Hom\u00f6opathie-Zertifikat),<\/li>\n<li>VKHD (Verband klassischer Hom\u00f6opathen Deutschlands)<\/li>\n<li>QBKHD (Qualit\u00e4tskonferenz des Bund klassischer Hom\u00f6opathen Deutschlands)<\/li>\n<\/ul>\n<p style=\"font-weight: 400;\">Patienten, die bei \u00c4rzten und Heilpraktikern in Behandlung sind, die Mitglied bei einer der genannten Einrichtungen sind, k\u00f6nnen sich in allen Belangen, die den Kontakt und das Verh\u00e4ltnis zum Behandler betreffen, an Frau Jonker wenden. Mit Frau Jonker steht ab sofort allen Patienten eine qualifizierte Ansprechpartnerin mit reichlicher Erfahrung in vertraulicher Beratung, Begleitung in Konfliktsituationen, l\u00f6sungsorientierter Arbeit und professionellem Coaching zur Verf\u00fcgung.<\/p>\n<p style=\"font-weight: 400;\">&nbsp;<\/p>\n<p style=\"font-weight: 400;\">Kontaktdaten und ausf\u00fchrlichere Informationen finden Sie unter diesem link:<\/p>\n<p><a href=\"https:\/\/www.patientenfuersprecher-homoeopathie.de\/\">https:\/\/www.patientenfuersprecher-homoeopathie.de\/<\/a><\/p>\n<\/div>\n<\/div><\/div><div id=\"panel-258-1-0-2\" class=\"so-panel widget widget_sow-headline\" data-index=\"5\" ><div class=\"so-widget-sow-headline so-widget-sow-headline-default-fe25886e5393-258\"><div class=\"sow-headline-container \">\n\t\t\t\t\t\t<div class=\"decoration\">\n\t\t\t\t\t\t<div class=\"decoration-inside\"><\/div>\n\t\t\t\t\t<\/div>\n\t\t\t\t\t<h3 class='sow-sub-headline'>Die Hahnemannia arbeitet mit folgenden Organisationen zusammen:<\/h3><\/div><\/div><\/div><div id=\"panel-258-1-0-3\" class=\"so-panel widget widget_sow-editor\" data-index=\"6\" ><div class=\"so-widget-sow-editor so-widget-sow-editor-base\">\n<div class=\"siteorigin-widget-tinymce textwidget\">\n\t<p><span style=\"font-family: helvetica,arial,sans-serif; font-size: 20px;\"><strong>EFHPA<\/strong> - European Federation of Homeopathic Patients` Association<\/span><\/p>\n<p><span style=\"font-family: helvetica, arial, sans-serif;\"><a href=\"http:\/\/www.efhpa.eu\/\">http:\/\/www.efhpa.eu\/<\/a><\/span><\/p>\n<\/div>\n<\/div><\/div><div id=\"panel-258-1-0-4\" class=\"so-panel widget widget_sow-editor panel-last-child\" data-index=\"7\" ><div class=\"so-widget-sow-editor so-widget-sow-editor-base\">\n<div class=\"siteorigin-widget-tinymce textwidget\">\n\t<p><span style=\"font-family: helvetica,arial,sans-serif; font-size: 20px;\"><strong>DZVh\u00c4<\/strong> Deutscher Zentralverband hom\u00f6opathischer \u00c4rzte e.V.<\/span><\/p>\n<p><span style=\"font-family: helvetica, arial, sans-serif;\"><a href=\"https:\/\/www.dzvhae.de\/\">https:\/\/www.dzvhae.de\/<\/a><\/span><\/p>\n<p><strong><span style=\"font-size: 20px;\">Hahnemann <span style=\"font-family: helvetica,arial,sans-serif;\">Gesellschaft<\/span><\/span><\/strong><\/p>\n<p><a href=\"https:\/\/www.hahnemann-gesellschaft.de\/\">https:\/\/www.hahnemann-gesellschaft.de\/<\/a><\/p>\n<p><strong><span style=\"font-size: 20px;\">Bundesverband Patienten f\u00fcr Hom\u00f6opathie e.V.<\/span><\/strong><\/p>\n<p><a href=\"https:\/\/www.bph-online.de\/\">https:\/\/www.bph-online.de\/<\/a><\/p>\n<p><span style=\"font-family: helvetica,arial,sans-serif; font-size: 20px;\"><strong>Gesundheit aktiv<\/strong> \u2013 B\u00fcrger und Patientenverband<\/span><\/p>\n<p><span style=\"font-family: helvetica, arial, sans-serif;\"><a href=\"http:\/\/www.gesundheit-aktiv.de\/\">http:\/\/www.gesundheit-aktiv.de\/<\/a><\/span><\/p>\n<p><span style=\"font-size: 20px;\"><strong>VKHD<\/strong> Verband klassicher Hom\u00f6opathen Deutschlands e.V.<\/span><\/p>\n<p><a href=\"https:\/\/www.vkhd.de\">https:\/\/www.vkhd.de<\/a><\/p>\n<p><strong><span style=\"font-size: 20px;\">SHZ<\/span><\/strong> - Stiftung Hom\u00f6opathie Zertifikat<\/p>\n<p><a href=\"https:\/\/www.homoeopathie-zertifikat.de\/index.php\/patienten\">www.homoeopathie-zertifikat.de<\/a><\/p>\n<p>&nbsp;<\/p>\n<\/div>\n<\/div><\/div><\/div><\/div><\/div>","protected":false},"excerpt":{"rendered":"<p>Therapeutenfinder: https:\/\/www.homoeopathie-online.info\/arztsuche\/ https:\/\/www.vkhd.de\/patienten\/therapeutensuche-menu Patienten &#8211; SHZ &#8211; Stiftung Hom\u00f6opathie Zertifikat (homoeopathie-zertifikat.de) Patienten werden zu wenig geh\u00f6rt https:\/\/www.youtube.com\/watch?v=XVFc9BoZPBg&amp;list=PL0Wt9MIfCRouVomABvAXhq0oPiHa5v1B_ \u00a0 Patientenvereine setzen sich ein! https:\/\/www.youtube.com\/watch?v=yIK-XyxGVvY&amp;list=PL0Wt9MIfCRouVomABvAXhq0oPiHa5v1B_&amp;index=2 \u00a0 Hom\u00f6opathie in der Schweiz! https:\/\/www.youtube.com\/watch?v=QdYzXojG7bE&amp;index=3&amp;list=PL0Wt9MIfCRouVomABvAXhq0oPiHa5v1B_ \u00a0 Medizin der Zukunft! https:\/\/www.youtube.com\/watch?v=zSfviQ3smaE&amp;index=4&amp;list=PL0Wt9MIfCRouVomABvAXhq0oPiHa5v1B_ \u00a0 Hom\u00f6opathie und Apothekenpflicht! https:\/\/www.youtube.com\/watch?v=yATciHM90h4&amp;list=PL0Wt9MIfCRouVomABvAXhq0oPiHa5v1B_&amp;index=5 \u00a0<\/p>\n","protected":false},"author":1,"featured_media":0,"parent":0,"menu_order":0,"comment_status":"closed","ping_status":"closed","template":"","meta":{"ngg_post_thumbnail":0,"footnotes":""},"class_list":["post-258","page","type-page","status-publish","hentry"],"_links":{"self":[{"href":"https:\/\/www.hahnemannia.de\/index.php\/wp-json\/wp\/v2\/pages\/258","targetHints":{"allow":["GET"]}}],"collection":[{"href":"https:\/\/www.hahnemannia.de\/index.php\/wp-json\/wp\/v2\/pages"}],"about":[{"href":"https:\/\/www.hahnemannia.de\/index.php\/wp-json\/wp\/v2\/types\/page"}],"author":[{"embeddable":true,"href":"https:\/\/www.hahnemannia.de\/index.php\/wp-json\/wp\/v2\/users\/1"}],"replies":[{"embeddable":true,"href":"https:\/\/www.hahnemannia.de\/index.php\/wp-json\/wp\/v2\/comments?post=258"}],"version-history":[{"count":47,"href":"https:\/\/www.hahnemannia.de\/index.php\/wp-json\/wp\/v2\/pages\/258\/revisions"}],"predecessor-version":[{"id":2880,"href":"https:\/\/www.hahnemannia.de\/index.php\/wp-json\/wp\/v2\/pages\/258\/revisions\/2880"}],"wp:attachment":[{"href":"https:\/\/www.hahnemannia.de\/index.php\/wp-json\/wp\/v2\/media?parent=258"}],"curies":[{"name":"wp","href":"https:\/\/api.w.org\/{rel}","templated":true}]}}