{"id":254,"date":"2017-08-15T10:53:41","date_gmt":"2017-08-15T08:53:41","guid":{"rendered":"http:\/\/193.196.175.152\/wp2\/?page_id=254"},"modified":"2024-01-21T18:42:02","modified_gmt":"2024-01-21T17:42:02","slug":"veranstaltungen-des-dachverbands","status":"publish","type":"page","link":"https:\/\/www.hahnemannia.de\/index.php\/veranstaltungen-des-dachverbands\/","title":{"rendered":"Veranstaltungen des Dachverbands und der Mitgliedsvereine"},"content":{"rendered":"<div id=\"pl-254\"  class=\"panel-layout\" ><div id=\"pg-254-0\"  class=\"panel-grid panel-no-style\" ><div id=\"pgc-254-0-0\"  class=\"panel-grid-cell\" ><div id=\"panel-254-0-0-0\" class=\"so-panel widget widget_sow-editor panel-first-child panel-last-child\" data-index=\"0\" ><div class=\"so-widget-sow-editor so-widget-sow-editor-base\">\n<div class=\"siteorigin-widget-tinymce textwidget\">\n\t\n<\/div>\n<\/div><\/div><\/div><\/div><div id=\"pg-254-1\"  class=\"panel-grid panel-no-style\" ><div id=\"pgc-254-1-0\"  class=\"panel-grid-cell\" ><div id=\"panel-254-1-0-0\" class=\"so-panel widget widget_sow-headline panel-first-child panel-last-child\" data-index=\"1\" ><div class=\"so-widget-sow-headline so-widget-sow-headline-default-841ec2d16f88-254\"><div class=\"sow-headline-container \">\n\t<h1 class='sow-headline'>Workshop \"Erste Schritte in die Hom\u00f6opathie\"<\/h1>\t\t\t\t\t<div class=\"decoration\">\n\t\t\t\t\t\t<div class=\"decoration-inside\"><\/div>\n\t\t\t\t\t<\/div>\n\t\t\t\t\t<\/div><\/div><\/div><\/div><\/div><div id=\"pg-254-2\"  class=\"panel-grid panel-no-style\" ><div id=\"pgc-254-2-0\"  class=\"panel-grid-cell\" ><div id=\"panel-254-2-0-0\" class=\"so-panel widget widget_sow-editor panel-first-child panel-last-child\" data-index=\"2\" ><div class=\"so-widget-sow-editor so-widget-sow-editor-base\">\n<div class=\"siteorigin-widget-tinymce textwidget\">\n\t<p>Was hat es mit den wundersamen wei\u00dfen K\u00fcgelchen auf sich?<\/p>\n<p>Wer sich einmal n\u00e4her mit dem Thema klassische Hom\u00f6opathie befassen m\u00f6chte, kann bei den Vereinen je nach Angebot auch an Workshops teilnehmen. Die verschiedenen Kursangebote bieten den Teilnehmern neue Einblicke und Sicherheit bei der Behandlung leichterer akuter Beschwerden. Neben theoretischen Grundlagen werden f\u00fcr die akute Behandlungen wichtige hom\u00f6opathische Arzneien besprochen und dieses Wissen durch praktische \u00dcbungen an Fallbeispielen integriert.<\/p>\n<p>&nbsp;<\/p>\n<\/div>\n<\/div><\/div><\/div><div id=\"pgc-254-2-1\"  class=\"panel-grid-cell\" ><div id=\"panel-254-2-1-0\" class=\"so-panel widget widget_sow-image panel-first-child\" data-index=\"3\" ><div class=\"so-widget-sow-image so-widget-sow-image-default-d6014b76747a-254\">\n\n<div class=\"sow-image-container\">\n\t\t<img decoding=\"async\" src=\"https:\/\/www.hahnemannia.de\/wp-content\/uploads\/2017\/08\/IMG_0385-300x225.jpg\" width=\"300\" height=\"225\" srcset=\"https:\/\/www.hahnemannia.de\/wp-content\/uploads\/2017\/08\/IMG_0385-300x225.jpg 300w, https:\/\/www.hahnemannia.de\/wp-content\/uploads\/2017\/08\/IMG_0385-768x576.jpg 768w, https:\/\/www.hahnemannia.de\/wp-content\/uploads\/2017\/08\/IMG_0385-1024x768.jpg 1024w\" sizes=\"auto, (max-width: 300px) 100vw, 300px\" alt=\"\" loading=\"lazy\" \t\tclass=\"so-widget-image\"\/>\n\t<\/div>\n\n<\/div><\/div><div id=\"panel-254-2-1-1\" class=\"so-panel widget widget_sow-image panel-last-child\" data-index=\"4\" ><div class=\"so-widget-sow-image so-widget-sow-image-default-d6014b76747a-254\">\n\n<div class=\"sow-image-container\">\n\t\t<img decoding=\"async\" src=\"https:\/\/www.hahnemannia.de\/wp-content\/uploads\/2017\/08\/IMG_0590-300x225.jpg\" width=\"300\" height=\"225\" srcset=\"https:\/\/www.hahnemannia.de\/wp-content\/uploads\/2017\/08\/IMG_0590-300x225.jpg 300w, https:\/\/www.hahnemannia.de\/wp-content\/uploads\/2017\/08\/IMG_0590-768x576.jpg 768w, https:\/\/www.hahnemannia.de\/wp-content\/uploads\/2017\/08\/IMG_0590-1024x768.jpg 1024w\" sizes=\"auto, (max-width: 300px) 100vw, 300px\" alt=\"\" loading=\"lazy\" \t\tclass=\"so-widget-image\"\/>\n\t<\/div>\n\n<\/div><\/div><\/div><\/div><div id=\"pg-254-3\"  class=\"panel-grid panel-no-style\" ><div id=\"pgc-254-3-0\"  class=\"panel-grid-cell panel-grid-cell-empty panel-grid-cell-mobile-last\" ><\/div><div id=\"pgc-254-3-1\"  class=\"panel-grid-cell panel-grid-cell-empty\" ><\/div><\/div><div id=\"pg-254-4\"  class=\"panel-grid panel-no-style\" ><div id=\"pgc-254-4-0\"  class=\"panel-grid-cell panel-grid-cell-empty panel-grid-cell-mobile-last\" ><\/div><div id=\"pgc-254-4-1\"  class=\"panel-grid-cell panel-grid-cell-empty\" ><\/div><\/div><div id=\"pg-254-5\"  class=\"panel-grid panel-no-style\" ><div id=\"pgc-254-5-0\"  class=\"panel-grid-cell panel-grid-cell-empty\" ><\/div><\/div><\/div>","protected":false},"excerpt":{"rendered":"<p>Workshop &#8222;Erste Schritte in die Hom\u00f6opathie&#8220; Was hat es mit den wundersamen wei\u00dfen K\u00fcgelchen auf sich? Wer sich einmal n\u00e4her mit dem Thema klassische Hom\u00f6opathie befassen m\u00f6chte, kann bei den Vereinen je nach Angebot auch an Workshops teilnehmen. Die verschiedenen<\/p>\n","protected":false},"author":1,"featured_media":0,"parent":0,"menu_order":0,"comment_status":"closed","ping_status":"closed","template":"","meta":{"ngg_post_thumbnail":0,"footnotes":""},"class_list":["post-254","page","type-page","status-publish","hentry"],"_links":{"self":[{"href":"https:\/\/www.hahnemannia.de\/index.php\/wp-json\/wp\/v2\/pages\/254","targetHints":{"allow":["GET"]}}],"collection":[{"href":"https:\/\/www.hahnemannia.de\/index.php\/wp-json\/wp\/v2\/pages"}],"about":[{"href":"https:\/\/www.hahnemannia.de\/index.php\/wp-json\/wp\/v2\/types\/page"}],"author":[{"embeddable":true,"href":"https:\/\/www.hahnemannia.de\/index.php\/wp-json\/wp\/v2\/users\/1"}],"replies":[{"embeddable":true,"href":"https:\/\/www.hahnemannia.de\/index.php\/wp-json\/wp\/v2\/comments?post=254"}],"version-history":[{"count":185,"href":"https:\/\/www.hahnemannia.de\/index.php\/wp-json\/wp\/v2\/pages\/254\/revisions"}],"predecessor-version":[{"id":3151,"href":"https:\/\/www.hahnemannia.de\/index.php\/wp-json\/wp\/v2\/pages\/254\/revisions\/3151"}],"wp:attachment":[{"href":"https:\/\/www.hahnemannia.de\/index.php\/wp-json\/wp\/v2\/media?parent=254"}],"curies":[{"name":"wp","href":"https:\/\/api.w.org\/{rel}","templated":true}]}}