{"id":158,"date":"2017-08-15T09:45:44","date_gmt":"2017-08-15T07:45:44","guid":{"rendered":"http:\/\/193.196.175.152\/wp2\/?page_id=158"},"modified":"2024-01-30T21:37:06","modified_gmt":"2024-01-30T20:37:06","slug":"mitgliedschaft","status":"publish","type":"page","link":"https:\/\/www.hahnemannia.de\/index.php\/mitgliedschaft\/","title":{"rendered":"Mitgliedschaft"},"content":{"rendered":"<div id=\"pl-158\"  class=\"panel-layout\" ><div id=\"pg-158-0\"  class=\"panel-grid panel-no-style\" ><div id=\"pgc-158-0-0\"  class=\"panel-grid-cell\" ><div id=\"panel-158-0-0-0\" class=\"so-panel widget widget_sow-headline panel-first-child panel-last-child\" data-index=\"0\" ><div class=\"so-widget-sow-headline so-widget-sow-headline-default-613aa85a95a6-158\"><div class=\"sow-headline-container \">\n\t<h3 class='sow-headline'>Jetzt Mitglied werden!<\/h3>\t\t\t\t\t<div class=\"decoration\">\n\t\t\t\t\t\t<div class=\"decoration-inside\"><\/div>\n\t\t\t\t\t<\/div>\n\t\t\t\t\t<\/div><\/div><\/div><\/div><\/div><div id=\"pg-158-1\"  class=\"panel-grid panel-no-style\" ><div id=\"pgc-158-1-0\"  class=\"panel-grid-cell\" ><div id=\"panel-158-1-0-0\" class=\"so-panel widget widget_sow-headline panel-first-child\" data-index=\"1\" ><div class=\"so-widget-sow-headline so-widget-sow-headline-default-574bcae56150-158\"><div class=\"sow-headline-container \">\n\t\t\t\t\t\t<div class=\"decoration\">\n\t\t\t\t\t\t<div class=\"decoration-inside\"><\/div>\n\t\t\t\t\t<\/div>\n\t\t\t\t\t<h3 class='sow-sub-headline'>So einfach geht\u00b4s:<\/h3><\/div><\/div><\/div><div id=\"panel-158-1-0-1\" class=\"so-panel widget widget_sow-editor panel-last-child\" data-index=\"2\" ><div class=\"so-widget-sow-editor so-widget-sow-editor-base\">\n<div class=\"siteorigin-widget-tinymce textwidget\">\n\t<ol>\n<li><span style=\"font-size: 14px; font-family: helvetica, arial, sans-serif;\">Mitgliedsantrag (siehe unten) ausdrucken und ausf\u00fcllen<\/span><\/li>\n<li><span style=\"font-size: 14px; font-family: helvetica, arial, sans-serif;\">Diesen ausgef\u00fcllten Antrag entweder einscannen und\u00a0per Mail zusenden oder \u00fcber den Postweg an die Gesch\u00e4ftsstelle schicken.<\/span><\/li>\n<\/ol>\n<p><span style=\"font-size: 14px; font-family: helvetica, arial, sans-serif;\">Sollte einer unserer Vereine nicht in Ihrer N\u00e4he sein, besteht auch die M\u00f6glichkeit, Einzelmitglied bei unserem Verband zu werden, um auf diese Weise unsere Arbeit tatkr\u00e4ftig zu unterst\u00fctzen. Die HAHNEMANNIA finanziert sich als eingetragener, gemeinn\u00fctziger Verein durch Mitgliedsbeitr\u00e4ge und ist dadurch frei und unabh\u00e4ngig.<\/span><\/p>\n<p><span style=\"font-size: 14px; font-family: helvetica, arial, sans-serif;\">Wir sind die B\u00fcrgerstimme und die Stimme f\u00fcr die Hom\u00f6opathie in Deutschland.<\/span><\/p>\n<p><span style=\"font-size: 14px; font-family: helvetica, arial, sans-serif;\"><strong>HAHNEMANNIA<\/strong><\/span><br \/><span style=\"font-size: 14px; font-family: helvetica, arial, sans-serif;\"><strong> Deutscher Verband f\u00fcr Hom\u00f6opathie und Lebenspflege e. V.<\/strong><\/span><\/p>\n<p><span style=\"font-size: 14px; font-family: helvetica, arial, sans-serif;\">Gesch\u00e4ftsstelle: <\/span><br \/><span style=\"font-size: 14px; font-family: helvetica, arial, sans-serif;\"> Sonja Zeyer-Hopp<\/span><br \/><span style=\"font-size: 14px; font-family: helvetica, arial, sans-serif;\"> Demminger Str. 20<\/span><br \/> <span style=\"font-family: helvetica,arial,sans-serif;\"> 89561 Dischingen - Eglingen<\/span><\/p>\n<p><span style=\"font-family: helvetica,arial,sans-serif;\">Tel. (0 73 27) 27 89 86<\/span><\/p>\n<p><span style=\"font-family: helvetica,arial,sans-serif;\">E-Mail: info@hahnemannia.de<\/span><\/p>\n<p><span style=\"font-family: helvetica,arial,sans-serif;\">Gesch\u00e4ftszeiten: Mittwochs von 14:30 bis 16:30 Uhr<\/span><\/p>\n<p><span style=\"font-family: helvetica,arial,sans-serif;\">Anfragen au\u00dferhalb der Gesch\u00e4ftszeiten telefonisch auf Anrufbeantworter oder per E-Mail. (info@hahnemannia.de)<\/span><\/p>\n<\/div>\n<\/div><\/div><\/div><\/div><div id=\"pg-158-2\"  class=\"panel-grid panel-no-style\" ><div id=\"pgc-158-2-0\"  class=\"panel-grid-cell\" ><div id=\"panel-158-2-0-0\" class=\"so-panel widget widget_sow-headline panel-first-child\" data-index=\"3\" ><div class=\"so-widget-sow-headline so-widget-sow-headline-default-574bcae56150-158\"><div class=\"sow-headline-container \">\n\t\t\t\t\t\t<div class=\"decoration\">\n\t\t\t\t\t\t<div class=\"decoration-inside\"><\/div>\n\t\t\t\t\t<\/div>\n\t\t\t\t\t<h3 class='sow-sub-headline'>Mitgliedsbeitr\u00e4ge<\/h3><\/div><\/div><\/div><div id=\"panel-158-2-0-1\" class=\"so-panel widget widget_sow-features\" data-index=\"4\" ><div class=\"so-widget-sow-features so-widget-sow-features-default-029646c892a8-158\">\n<div class=\"sow-features-list sow-features-responsive\">\n\n\t\t\t\n\t\t\t<div class=\"sow-features-feature sow-icon-container-position-right sow-features-feature-last-row\" style=\"width: 50%\">\n\n\t\t\t\t\t\t\t\t<div\n\t\t\t\t\tclass=\"sow-icon-container sow-container-round\"\n                    style=\"color: #005108; \"\n\t\t\t\t\ttitle=\"Einzelmitgliedschaft\">\n\t\t\t\t\t<span class=\"sow-icon-icomoon\" data-sow-icon=\"&#xe971;\"\n\t\tstyle=\"font-size: 18px; color: #ffffff\" ><\/span>\t\t\t\t<\/div>\n\t\t\t\t\n\t\t\t\t<div class=\"textwidget\">\n\t\t\t\t\t\t\t\t\t\t\t<h5>\n\t\t\t\t\t\t\t\t\t\t\t\t\t\tEinzelmitgliedschaft: 30 \u20ac \/ Jahr\t\t\t\t\t\t\t\t\t\t\t\t\t<\/h5>\n\t\t\t\t\t\n\t\t\t\t\t\n\t\t\t\t\t\t\t\t\t<\/div>\n\t\t\t<\/div>\n\n\t\t\n\t\t\t<div class=\"sow-features-feature sow-icon-container-position-right sow-features-feature-last-row\" style=\"width: 50%\">\n\n\t\t\t\t\t\t\t\t<div\n\t\t\t\t\tclass=\"sow-icon-container sow-container-round\"\n                    style=\"color: #005108; \"\n\t\t\t\t\ttitle=\"Vereinsmitgliedschaft\">\n\t\t\t\t\t<span class=\"sow-icon-icomoon\" data-sow-icon=\"&#xe972;\"\n\t\tstyle=\"font-size: 18px; color: #FFFFFF\" ><\/span>\t\t\t\t<\/div>\n\t\t\t\t\n\t\t\t\t<div class=\"textwidget\">\n\t\t\t\t\t\t\t\t\t\t\t<h5>\n\t\t\t\t\t\t\t\t\t\t\t\t\t\tVereinsmitgliedschaft: 3 \u20ac \/ Mitglied\t\t\t\t\t\t\t\t\t\t\t\t\t<\/h5>\n\t\t\t\t\t\n\t\t\t\t\t\n\t\t\t\t\t\t\t\t\t<\/div>\n\t\t\t<\/div>\n\n\t\t\t\n<\/div>\n<\/div><\/div><div id=\"panel-158-2-0-2\" class=\"so-panel widget widget_sow-editor panel-last-child\" data-index=\"5\" ><div class=\"so-widget-sow-editor so-widget-sow-editor-base\">\n<div class=\"siteorigin-widget-tinymce textwidget\">\n\t<p><span style=\"font-family: helvetica,arial,sans-serif;\">Es besteht die M\u00f6glichkeit, durch die Mitgliedschaft die Zeitschriften \u201enatur &amp; heilen\u201c zu einem Sonderpreis zu erwerben.<\/span><\/p>\n<p><span style=\"font-family: helvetica,arial,sans-serif;\"><strong>\u201enatur &amp; heilen\u201c<\/strong> - 12 Ausgaben im Jahr<\/span><\/p>\n<p><span style=\"font-family: helvetica,arial,sans-serif;\">1-Jahresabo f\u00fcr 42,00 Euro \/ Jahr anstatt 59,40 Euro<\/span><\/p>\n<p>&nbsp;<\/p>\n<\/div>\n<\/div><\/div><\/div><\/div><div id=\"pg-158-3\"  class=\"panel-grid panel-no-style\" ><div id=\"pgc-158-3-0\"  class=\"panel-grid-cell\" ><div id=\"panel-158-3-0-0\" class=\"so-panel widget widget_sow-headline panel-first-child\" data-index=\"6\" ><div class=\"so-widget-sow-headline so-widget-sow-headline-default-574bcae56150-158\"><div class=\"sow-headline-container \">\n\t\t\t\t\t\t<div class=\"decoration\">\n\t\t\t\t\t\t<div class=\"decoration-inside\"><\/div>\n\t\t\t\t\t<\/div>\n\t\t\t\t\t<h3 class='sow-sub-headline'>Mitgliedsantr\u00e4ge<\/h3><\/div><\/div><\/div><div id=\"panel-158-3-0-1\" class=\"so-panel widget widget_sow-button\" data-index=\"7\" ><div class=\"so-widget-sow-button so-widget-sow-button-wire-0b9c1ce85e90-158\"><div class=\"ow-button-base ow-button-align-left\">\n\t<a href=\"#\" class=\"ow-icon-placement-left ow-button-hover\" \t\t>\n\t\t<span>\n\t\t\t<span class=\"sow-icon-fontawesome sow-fas\" data-sow-icon=\"&#xf0ab;\"\n\t\tstyle=\"color: #005108\" ><\/span>\n\t\t\tAufnahmeantrag f\u00fcr Vereine\t\t<\/span>\n\t<\/a>\n<\/div>\n<\/div><\/div><div id=\"panel-158-3-0-2\" class=\"so-panel widget widget_sow-button\" data-index=\"8\" ><div class=\"so-widget-sow-button so-widget-sow-button-wire-0b9c1ce85e90-158\"><div class=\"ow-button-base ow-button-align-left\">\n\t<a href=\"http:\/\/www.hahnemannia.de\/wp-content\/uploads\/2024\/01\/Antrag-auf-Einzelmitgliedschaft-bei-der-HAHNEMANNIA.pdf\" class=\"ow-icon-placement-left ow-button-hover\" \t\t>\n\t\t<span>\n\t\t\t<span class=\"sow-icon-fontawesome sow-fas\" data-sow-icon=\"&#xf0ab;\"\n\t\tstyle=\"color: #005108\" ><\/span>\n\t\t\tAntrag auf Einzelmitgliedschaft\t\t<\/span>\n\t<\/a>\n<\/div>\n<\/div><\/div><div id=\"panel-158-3-0-3\" class=\"so-panel widget widget_sow-button panel-last-child\" data-index=\"9\" ><div class=\"so-widget-sow-button so-widget-sow-button-wire-0b9c1ce85e90-158\"><div class=\"ow-button-base ow-button-align-left\">\n\t<a href=\"http:\/\/www.hahnemannia.de\/wp-content\/uploads\/2024\/01\/Satzung-Neu-2016.pdf\" class=\"ow-icon-placement-left ow-button-hover\" \t\t>\n\t\t<span>\n\t\t\t<span class=\"sow-icon-fontawesome sow-fas\" data-sow-icon=\"&#xf0ab;\"\n\t\tstyle=\"color: #005108\" ><\/span>\n\t\t\tSatzung der HAHNEMANNIA\t\t<\/span>\n\t<\/a>\n<\/div>\n<\/div><\/div><\/div><\/div><\/div>","protected":false},"excerpt":{"rendered":"<p>Mitgliedsantrag (siehe unten) ausdrucken und ausf\u00fcllen Diesen ausgef\u00fcllten Antrag entweder einscannen und\u00a0per Mail zusenden oder \u00fcber den Postweg an die Gesch\u00e4ftsstelle schicken. Sollte einer unserer Vereine nicht in Ihrer N\u00e4he sein, besteht auch die M\u00f6glichkeit, Einzelmitglied bei unserem Verband zu<\/p>\n","protected":false},"author":1,"featured_media":0,"parent":0,"menu_order":0,"comment_status":"closed","ping_status":"closed","template":"","meta":{"ngg_post_thumbnail":0,"footnotes":""},"class_list":["post-158","page","type-page","status-publish","hentry"],"_links":{"self":[{"href":"https:\/\/www.hahnemannia.de\/index.php\/wp-json\/wp\/v2\/pages\/158","targetHints":{"allow":["GET"]}}],"collection":[{"href":"https:\/\/www.hahnemannia.de\/index.php\/wp-json\/wp\/v2\/pages"}],"about":[{"href":"https:\/\/www.hahnemannia.de\/index.php\/wp-json\/wp\/v2\/types\/page"}],"author":[{"embeddable":true,"href":"https:\/\/www.hahnemannia.de\/index.php\/wp-json\/wp\/v2\/users\/1"}],"replies":[{"embeddable":true,"href":"https:\/\/www.hahnemannia.de\/index.php\/wp-json\/wp\/v2\/comments?post=158"}],"version-history":[{"count":86,"href":"https:\/\/www.hahnemannia.de\/index.php\/wp-json\/wp\/v2\/pages\/158\/revisions"}],"predecessor-version":[{"id":3174,"href":"https:\/\/www.hahnemannia.de\/index.php\/wp-json\/wp\/v2\/pages\/158\/revisions\/3174"}],"wp:attachment":[{"href":"https:\/\/www.hahnemannia.de\/index.php\/wp-json\/wp\/v2\/media?parent=158"}],"curies":[{"name":"wp","href":"https:\/\/api.w.org\/{rel}","templated":true}]}}