{"id":151,"date":"2017-08-15T09:43:27","date_gmt":"2017-08-15T07:43:27","guid":{"rendered":"http:\/\/193.196.175.152\/wp2\/?page_id=151"},"modified":"2017-08-30T17:00:12","modified_gmt":"2017-08-30T15:00:12","slug":"hahnemann-denkmaeler","status":"publish","type":"page","link":"https:\/\/www.hahnemannia.de\/index.php\/hahnemann-denkmaeler\/","title":{"rendered":"Hahnemann Denkm\u00e4ler"},"content":{"rendered":"<div id=\"pl-151\"  class=\"panel-layout\" ><div id=\"pg-151-0\"  class=\"panel-grid panel-no-style\" ><div id=\"pgc-151-0-0\"  class=\"panel-grid-cell\" ><div id=\"panel-151-0-0-0\" class=\"so-panel widget widget_sow-editor panel-first-child\" data-index=\"0\" ><div class=\"so-widget-sow-editor so-widget-sow-editor-base\">\n<div class=\"siteorigin-widget-tinymce textwidget\">\n\t<h1><span style=\"font-family: helvetica,arial,sans-serif; font-size: 24px; color: #005108;\">Leipzig<\/span><\/h1>\n<p><span style=\"font-family: helvetica,arial,sans-serif;\"><img loading=\"lazy\" decoding=\"async\" class=\"alignright wp-image-657 size-full\" src=\"http:\/\/193.196.175.152\/wp2\/wp-content\/uploads\/2017\/08\/Denkmal-Leipzig.jpg\" alt=\"\" width=\"200\" height=\"259\" \/><\/span><\/p>\n<p><span style=\"font-family: helvetica,arial,sans-serif; font-size: 14px;\">Christian Friedrich Samuel Hahnemann studierte von 1775-1777 in Leipzig Medizin, praktizierte 1812-1821 als Arzt und Begr\u00fcnder der Hom\u00f6opathie in Leipzig und lehrte von 1816-1821 an dortiger Universit\u00e4t. Ihm zu Ehren stiftete der Deutsche Zentralverein hom\u00f6opathischer \u00c4rzte ein Denkmal.<\/span><\/p>\n<p><span style=\"font-family: helvetica,arial,sans-serif; font-size: 14px;\">Anfang 1851 wandte sich das Komitee an den Rat zu Leipzig mit der Bitte um Zuweisung eines geeigneten Standortes f\u00fcr das Denkmal. Die lebensgro\u00dfe Statue aus Bronze wurde vom Bildhauer Friederich-Wilhelm Steinh\u00e4user in Rom geformt und in der galvanoplastischen Anstalt von E. Braun in Leipzig gegossen.<\/span><br \/> <span style=\"font-family: helvetica,arial,sans-serif; font-size: 14px;\"> Die Grundsteinlegung sollte am 10. April 1851 zum Geburtstag Hahnemanns erfolgen, und zwar auf dem vom Rat beschlossenen Platz am Blumberge, dem heutigen Standort (in Goerdelerring\/Richard Wagner Platz umbenannt).<\/span><\/p>\n<p><span style=\"font-family: helvetica,arial,sans-serif; font-size: 14px;\">Anl\u00e4sslich einer Sitzung des Deutschen Zentralvereins vom 08.-10. August 1851 wurde die Enth\u00fcllung des Hahnemann-Denkmals mit Festrede, Festkantate und der Niederlegung eines Lorbeerkranzes vorgenommen. Nach der Verlesung eines entsprechenden Dokuments wurde dem Vizeb\u00fcrgermeister der Stadt Leipzig das Denkmal zum Schutze \u00fcbertragen. Zu diesem Festakt kamen \u00c4rzte aus Spanien, England, Frankreich, Italien und verschiedenen Teilen Deutschlands.<\/span><\/p>\n<p><span style=\"font-family: helvetica,arial,sans-serif; font-size: 14px;\">In den 30er Jahren sollten \"Judendenkm\u00e4ler \" verschwinden; allein der Name \"Samuel\" gab dazu Anlass. Biographische Nachforschungen trugen dazu bei, das Anliegen 1937 auf sich beruhen zu lassen. 1942, im Rahmen der \"Metallspende des deutschen Volkes an den F\u00fchrer\", wurde das Hahnemann-Denkmal verschont. Anl\u00e4sslich des 150. Geburtstages wurde in Leipzig eine Stra\u00dfe nach Hahnemann benannt.<\/span><br \/> <span style=\"font-family: helvetica,arial,sans-serif; font-size: 14px;\"> ( Ausz\u00fcge aus \" Leipziger Denkmale \" Sax-Verlag Beucha.)<\/span><\/p>\n<\/div>\n<\/div><\/div><div id=\"panel-151-0-0-1\" class=\"so-panel widget widget_sow-editor\" data-index=\"1\" ><div class=\"so-widget-sow-editor so-widget-sow-editor-base\">\n<div class=\"siteorigin-widget-tinymce textwidget\">\n\t<h1><span style=\"font-family: helvetica,arial,sans-serif; font-size: 24px; color: #005108;\">Mei\u00dfen \u2013 Geburtsstadt von Samuel Hahnemann<\/span><\/h1>\n<\/div>\n<\/div><\/div><div id=\"panel-151-0-0-2\" class=\"so-panel widget widget_sow-slider\" data-index=\"2\" ><div class=\"so-widget-sow-slider so-widget-sow-slider-default-6ede8a845fdd-151\"><div class=\"sow-slider-base\" style=\"display: none\"><ul class=\"sow-slider-images\" data-settings=\"{&quot;pagination&quot;:true,&quot;speed&quot;:800,&quot;timeout&quot;:8000,&quot;paused&quot;:false,&quot;pause_on_hover&quot;:false,&quot;swipe&quot;:true,&quot;nav_always_show_desktop&quot;:&quot;&quot;,&quot;nav_always_show_mobile&quot;:&quot;&quot;,&quot;breakpoint&quot;:&quot;780px&quot;}\">\t\t<li class=\"sow-slider-image\" style=\"\" >\n\t\t\t\t\t\t<div class=\"sow-slider-image-container\">\n\t\t\t\t<div class=\"sow-slider-image-wrapper\" style=\"max-width: 448px\">\n\t\t\t\t\t\t\t\t\t\t<div class=\"sow-slider-image-foreground-wrapper\">\n\t\t\t\t\t\t<img fetchpriority=\"high\" decoding=\"async\" width=\"448\" height=\"336\" src=\"https:\/\/www.hahnemannia.de\/wp-content\/uploads\/2017\/08\/Geburtshaus-Mei\u00dfen.jpg\" class=\"sow-slider-foreground-image\" alt=\"\" loading=\"eager\" style=\"\" srcset=\"https:\/\/www.hahnemannia.de\/wp-content\/uploads\/2017\/08\/Geburtshaus-Mei\u00dfen.jpg 448w, https:\/\/www.hahnemannia.de\/wp-content\/uploads\/2017\/08\/Geburtshaus-Mei\u00dfen-300x225.jpg 300w\" sizes=\"(max-width: 448px) 100vw, 448px\" \/>\t\t\t\t\t<\/div>\n\t\t\t\t\t\t\t\t\t<\/div>\n\t\t\t<\/div>\n\t\t\t\t\t<\/li>\n\t\t\t\t<li class=\"sow-slider-image\" style=\"\" >\n\t\t\t\t\t\t<div class=\"sow-slider-image-container\">\n\t\t\t\t<div class=\"sow-slider-image-wrapper\" style=\"max-width: 395px\">\n\t\t\t\t\t\t\t\t\t\t<div class=\"sow-slider-image-foreground-wrapper\">\n\t\t\t\t\t\t<img decoding=\"async\" width=\"395\" height=\"237\" src=\"https:\/\/www.hahnemannia.de\/wp-content\/uploads\/2017\/08\/Geburtshaus-Schild.jpg\" class=\"sow-slider-foreground-image\" alt=\"\" loading=\"eager\" style=\"\" srcset=\"https:\/\/www.hahnemannia.de\/wp-content\/uploads\/2017\/08\/Geburtshaus-Schild.jpg 395w, https:\/\/www.hahnemannia.de\/wp-content\/uploads\/2017\/08\/Geburtshaus-Schild-300x180.jpg 300w, https:\/\/www.hahnemannia.de\/wp-content\/uploads\/2017\/08\/Geburtshaus-Schild-200x120.jpg 200w\" sizes=\"(max-width: 395px) 100vw, 395px\" \/>\t\t\t\t\t<\/div>\n\t\t\t\t\t\t\t\t\t<\/div>\n\t\t\t<\/div>\n\t\t\t\t\t<\/li>\n\t\t<\/ul>\t\t\t\t<ol class=\"sow-slider-pagination\">\n\t\t\t\t\t\t\t\t\t\t\t<li><a href=\"#\" data-goto=\"0\" aria-label=\"display slide 1\"><\/a><\/li>\n\t\t\t\t\t\t\t\t\t\t\t<li><a href=\"#\" data-goto=\"1\" aria-label=\"display slide 2\"><\/a><\/li>\n\t\t\t\t\t\t\t\t\t<\/ol>\n\n\t\t\t\t<div class=\"sow-slide-nav sow-slide-nav-next\">\n\t\t\t\t\t<a href=\"#\" data-goto=\"next\" aria-label=\"next slide\" data-action=\"next\">\n\t\t\t\t\t\t<em class=\"sow-sld-icon-thin-right\"><\/em>\n\t\t\t\t\t<\/a>\n\t\t\t\t<\/div>\n\n\t\t\t\t<div class=\"sow-slide-nav sow-slide-nav-prev\">\n\t\t\t\t\t<a href=\"#\" data-goto=\"previous\" aria-label=\"previous slide\" data-action=\"prev\">\n\t\t\t\t\t\t<em class=\"sow-sld-icon-thin-left\"><\/em>\n\t\t\t\t\t<\/a>\n\t\t\t\t<\/div>\n\t\t\t\t<\/div><\/div><\/div><div id=\"panel-151-0-0-3\" class=\"so-panel widget widget_sow-editor\" data-index=\"3\" ><div class=\"so-widget-sow-editor so-widget-sow-editor-base\">\n<div class=\"siteorigin-widget-tinymce textwidget\">\n\t<h1><span style=\"font-family: helvetica,arial,sans-serif; color: #005108; font-size: 24px;\">Paris<\/span><\/h1>\n<\/div>\n<\/div><\/div><div id=\"panel-151-0-0-4\" class=\"so-panel widget widget_sow-slider\" data-index=\"4\" ><div class=\"so-widget-sow-slider so-widget-sow-slider-default-6ede8a845fdd-151\"><div class=\"sow-slider-base\" style=\"display: none\"><ul class=\"sow-slider-images\" data-settings=\"{&quot;pagination&quot;:true,&quot;speed&quot;:800,&quot;timeout&quot;:8000,&quot;paused&quot;:false,&quot;pause_on_hover&quot;:false,&quot;swipe&quot;:true,&quot;nav_always_show_desktop&quot;:&quot;&quot;,&quot;nav_always_show_mobile&quot;:&quot;&quot;,&quot;breakpoint&quot;:&quot;780px&quot;}\">\t\t<li class=\"sow-slider-image\" style=\"\" >\n\t\t\t\t\t\t<div class=\"sow-slider-image-container\">\n\t\t\t\t<div class=\"sow-slider-image-wrapper\" style=\"max-width: 448px\">\n\t\t\t\t\t\t\t\t\t\t<div class=\"sow-slider-image-foreground-wrapper\">\n\t\t\t\t\t\t<img decoding=\"async\" width=\"448\" height=\"336\" src=\"https:\/\/www.hahnemannia.de\/wp-content\/uploads\/2017\/08\/Paris.jpg\" class=\"sow-slider-foreground-image\" alt=\"\" loading=\"eager\" style=\"\" srcset=\"https:\/\/www.hahnemannia.de\/wp-content\/uploads\/2017\/08\/Paris.jpg 448w, https:\/\/www.hahnemannia.de\/wp-content\/uploads\/2017\/08\/Paris-300x225.jpg 300w\" sizes=\"(max-width: 448px) 100vw, 448px\" \/>\t\t\t\t\t<\/div>\n\t\t\t\t\t\t\t\t\t<\/div>\n\t\t\t<\/div>\n\t\t\t\t\t<\/li>\n\t\t\t\t<li class=\"sow-slider-image\" style=\"\" >\n\t\t\t\t\t\t<div class=\"sow-slider-image-container\">\n\t\t\t\t<div class=\"sow-slider-image-wrapper\" style=\"max-width: 448px\">\n\t\t\t\t\t\t\t\t\t\t<div class=\"sow-slider-image-foreground-wrapper\">\n\t\t\t\t\t\t<img decoding=\"async\" width=\"448\" height=\"336\" src=\"https:\/\/www.hahnemannia.de\/wp-content\/uploads\/2017\/08\/Paris-Schild.jpg\" class=\"sow-slider-foreground-image\" alt=\"\" loading=\"eager\" style=\"\" srcset=\"https:\/\/www.hahnemannia.de\/wp-content\/uploads\/2017\/08\/Paris-Schild.jpg 448w, https:\/\/www.hahnemannia.de\/wp-content\/uploads\/2017\/08\/Paris-Schild-300x225.jpg 300w\" sizes=\"(max-width: 448px) 100vw, 448px\" \/>\t\t\t\t\t<\/div>\n\t\t\t\t\t\t\t\t\t<\/div>\n\t\t\t<\/div>\n\t\t\t\t\t<\/li>\n\t\t<\/ul>\t\t\t\t<ol class=\"sow-slider-pagination\">\n\t\t\t\t\t\t\t\t\t\t\t<li><a href=\"#\" data-goto=\"0\" aria-label=\"display slide 1\"><\/a><\/li>\n\t\t\t\t\t\t\t\t\t\t\t<li><a href=\"#\" data-goto=\"1\" aria-label=\"display slide 2\"><\/a><\/li>\n\t\t\t\t\t\t\t\t\t<\/ol>\n\n\t\t\t\t<div class=\"sow-slide-nav sow-slide-nav-next\">\n\t\t\t\t\t<a href=\"#\" data-goto=\"next\" aria-label=\"next slide\" data-action=\"next\">\n\t\t\t\t\t\t<em class=\"sow-sld-icon-thin-right\"><\/em>\n\t\t\t\t\t<\/a>\n\t\t\t\t<\/div>\n\n\t\t\t\t<div class=\"sow-slide-nav sow-slide-nav-prev\">\n\t\t\t\t\t<a href=\"#\" data-goto=\"previous\" aria-label=\"previous slide\" data-action=\"prev\">\n\t\t\t\t\t\t<em class=\"sow-sld-icon-thin-left\"><\/em>\n\t\t\t\t\t<\/a>\n\t\t\t\t<\/div>\n\t\t\t\t<\/div><\/div><\/div><div id=\"panel-151-0-0-5\" class=\"so-panel widget widget_sow-editor panel-last-child\" data-index=\"5\" ><div class=\"so-widget-sow-editor so-widget-sow-editor-base\">\n<div class=\"siteorigin-widget-tinymce textwidget\">\n\t<p><span style=\"font-family: helvetica,arial,sans-serif; font-size: 14px;\">Im Jahre 1834 reiste die bekannte franz\u00f6sische Malerin und Dichterin Melanie d'Hervilly nach K\u00f6then, um Hahnemann zu konsultieren. Im Januar 1835 heiratete er seine Patientin und im Juni des gleichen Jahres verlie\u00df das Paar den Ort, der f\u00fcr Hahnemann 14 Jahre Heimat bedeutet hatte. Das neue Domizil wurde Paris, wo den Hahnemanns die Genehmigung zur Er\u00f6ffnung einer Praxis durch den franz\u00f6sischen Erziehungsminister Guizot erteilt wurde. Eine \u00fcberaus erfolgreiche \u00e4rztliche T\u00e4tigkeit trug zu Hahnemanns Ruhm bei; seine Patienten kamen aus vielen L\u00e4ndern und sorgten damit f\u00fcr die Ausbreitung dieser segensreichen Heilmethode in der ganzen Welt.1841.<\/span><\/p>\n<p><span style=\"font-family: helvetica,arial,sans-serif; font-size: 14px;\">Im Jahre 1834 reiste die bekannte franz\u00f6sische Malerin und Dichterin Melanie d'Hervilly nach K\u00f6then, um Hahnemann zu konsultieren. Im Januar 1835 heiratete er seine Patientin und im Juni des gleichen Jahres verlie\u00df das Paar den Ort, der f\u00fcr Hahnemann 14 Jahre Heimat bedeutet hatte. Das neue Domizil wurde Paris, wo den Hahnemanns die Genehmigung zur Er\u00f6ffnung einer Praxis durch den franz\u00f6sischen Erziehungsminister Guizot erteilt wurde. Eine \u00fcberaus erfolgreiche \u00e4rztliche T\u00e4tigkeit trug zu Hahnemanns Ruhm bei; seine Patienten kamen aus vielen L\u00e4ndern und sorgten damit f\u00fcr die Ausbreitung dieser segensreichen Heilmethode in der ganzen Welt.1841.<\/span><\/p>\n<p><span style=\"font-family: helvetica,arial,sans-serif; font-size: 14px;\">\u00a0Am 2. Juli 1843 starb Dr. Samuel Hahnemann in Paris und wurde dort auch beerdigt<\/span>.<\/p>\n<p>\u00a0<\/p>\n<p>\u00a0<\/p>\n<p>\u00a0<\/p>\n<p>\u00a0<\/p>\n<\/div>\n<\/div><\/div><\/div><\/div><\/div>","protected":false},"excerpt":{"rendered":"<p>Leipzig Christian Friedrich Samuel Hahnemann studierte von 1775-1777 in Leipzig Medizin, praktizierte 1812-1821 als Arzt und Begr\u00fcnder der Hom\u00f6opathie in Leipzig und lehrte von 1816-1821 an dortiger Universit\u00e4t. Ihm zu Ehren stiftete der Deutsche Zentralverein hom\u00f6opathischer \u00c4rzte ein Denkmal. Anfang<\/p>\n","protected":false},"author":1,"featured_media":0,"parent":0,"menu_order":0,"comment_status":"closed","ping_status":"closed","template":"","meta":{"ngg_post_thumbnail":0,"footnotes":""},"class_list":["post-151","page","type-page","status-publish","hentry"],"_links":{"self":[{"href":"https:\/\/www.hahnemannia.de\/index.php\/wp-json\/wp\/v2\/pages\/151","targetHints":{"allow":["GET"]}}],"collection":[{"href":"https:\/\/www.hahnemannia.de\/index.php\/wp-json\/wp\/v2\/pages"}],"about":[{"href":"https:\/\/www.hahnemannia.de\/index.php\/wp-json\/wp\/v2\/types\/page"}],"author":[{"embeddable":true,"href":"https:\/\/www.hahnemannia.de\/index.php\/wp-json\/wp\/v2\/users\/1"}],"replies":[{"embeddable":true,"href":"https:\/\/www.hahnemannia.de\/index.php\/wp-json\/wp\/v2\/comments?post=151"}],"version-history":[{"count":21,"href":"https:\/\/www.hahnemannia.de\/index.php\/wp-json\/wp\/v2\/pages\/151\/revisions"}],"predecessor-version":[{"id":759,"href":"https:\/\/www.hahnemannia.de\/index.php\/wp-json\/wp\/v2\/pages\/151\/revisions\/759"}],"wp:attachment":[{"href":"https:\/\/www.hahnemannia.de\/index.php\/wp-json\/wp\/v2\/media?parent=151"}],"curies":[{"name":"wp","href":"https:\/\/api.w.org\/{rel}","templated":true}]}}